{"id":2975,"date":"2021-03-13T06:53:05","date_gmt":"2021-03-13T06:53:05","guid":{"rendered":"https:\/\/antenal.hr\/zastita-osobnih-podataka\/"},"modified":"2025-05-14T13:27:01","modified_gmt":"2025-05-14T13:27:01","slug":"zastita-osobnih-podataka","status":"publish","type":"page","link":"https:\/\/antenal.hr\/it\/zastita-osobnih-podataka\/","title":{"rendered":"Tutela dei dati personali"},"content":{"rendered":"<div class=\"fusion-fullwidth fullwidth-box fusion-builder-row-1 fusion-flex-container nonhundred-percent-fullwidth non-hundred-percent-height-scrolling\" style=\"--awb-border-radius-top-left:0px;--awb-border-radius-top-right:0px;--awb-border-radius-bottom-right:0px;--awb-border-radius-bottom-left:0px;--awb-flex-wrap:wrap;\" ><div class=\"fusion-builder-row fusion-row fusion-flex-align-items-flex-start fusion-flex-content-wrap\" style=\"max-width:1248px;margin-left: calc(-4% \/ 2 );margin-right: calc(-4% \/ 2 );\"><div class=\"fusion-layout-column fusion_builder_column fusion-builder-column-0 fusion_builder_column_1_6 1_6 fusion-flex-column\" style=\"--awb-bg-size:cover;--awb-width-large:16.666666666667%;--awb-spacing-right-large:11.52%;--awb-margin-bottom-large:0px;--awb-spacing-left-large:11.52%;--awb-width-medium:16.666666666667%;--awb-spacing-right-medium:11.52%;--awb-spacing-left-medium:11.52%;--awb-width-small:100%;--awb-spacing-right-small:1.92%;--awb-spacing-left-small:1.92%;\"><div class=\"fusion-column-wrapper fusion-flex-justify-content-flex-start fusion-content-layout-column\"><\/div><\/div><div class=\"fusion-layout-column fusion_builder_column fusion-builder-column-1 fusion_builder_column_2_3 2_3 fusion-flex-column\" style=\"--awb-bg-size:cover;--awb-width-large:66.666666666667%;--awb-spacing-right-large:2.88%;--awb-margin-bottom-large:0px;--awb-spacing-left-large:2.88%;--awb-width-medium:66.666666666667%;--awb-spacing-right-medium:2.88%;--awb-spacing-left-medium:2.88%;--awb-width-small:100%;--awb-spacing-right-small:1.92%;--awb-spacing-left-small:1.92%;\"><div class=\"fusion-column-wrapper fusion-flex-justify-content-flex-start fusion-content-layout-column\"><div class=\"fusion-title title fusion-title-1 fusion-sep-none fusion-title-text fusion-title-size-one\" style=\"--awb-margin-top-small:10px;--awb-margin-right-small:0px;--awb-margin-bottom-small:10px;--awb-margin-left-small:0px;--awb-font-size:30px;\"><h1 class=\"fusion-title-heading title-heading-left fusion-responsive-typography-calculated\" style=\"margin:0;font-size:1em;--fontSize:30;line-height:var(--awb-typography1-line-height);\">Tutela dei dati personali<\/h1><\/div><div class=\"fusion-text fusion-text-1\" style=\"--awb-content-alignment:justify;--awb-text-transform:none;\"><p class=\"p1\"><span class=\"s1\">Protezione delle informazioni personali sul sito web antenal.hr.<\/span><\/p>\n<p class=\"p1\"><span class=\"s1\"><b>Dati che raccogliamo<span class=\"Apple-converted-space\">\u00a0<\/span><\/b><\/span><\/p>\n<p class=\"p1\"><span class=\"s1\">L&#8217;accesso al sito web di antenal.hr \u00e8 gratuito e non \u00e8 richiesta alcuna registrazione. Contattando tramite modulo di contatto o via e-mail, si inseriscono i propri dati (contatto, nome e cognome, e nel testo del messaggio si prega di fornire alcune informazioni personali). Questa informazione \u00e8 disponibile solo a Antenal d.o.o., al quale \u00e8 rivolta la sua richiesta. Fornire le proprie informazioni personali \u00e8 un atto puramente volontario. Non elaboriamo pi\u00f9 informazioni personali di quelle necessarie per rispondere alla sua domanda.<\/span><\/p>\n<p class=\"p1\"><span class=\"s1\"><b>Protezione delle informazioni personali<\/b><\/span><\/p>\n<p class=\"p1\"><span class=\"s1\">Antenal d.o.o. rispetta la tua privacy e tratta le tue informazioni personali onestamente e legalmente. Conserviamo le vostre informazioni personali elettronicamente e, ai fini della protezione, applichiamo le misure tecniche, organizzative e di protezione dei dati personali e delle procedure per impedire l&#8217;accesso non autorizzato ai dati personali.<\/span><\/p>\n<p class=\"p1\"><span class=\"s1\"><b>Messaggi in formato elettronico<span class=\"Apple-converted-space\">\u00a0<\/span><\/b><\/span><\/p>\n<p class=\"p1\"><span class=\"s1\">Quando ci invia una e-mail con le sue informazioni personali grazie alle quali possimao identificarla, indipendentemente dal fatto che sia una domanda via mail elettronica o domanda fatta con l&#8217;uso dei moduli di contatto trovati sul sito web antenal.hr, recapitata tramite posta elettronica, usiamo queste informazioni solo allo scopo di soddisfare le tue domande. Non elaboriamo le informazioni personali per scopi di marketing e vengono cancellati dal nostro programma di posta entro la fine dell&#8217;anno civile, a meno che tu non sia diventato nostro cliente e poi inserito nel database del cliente per la fattura per il servizio concordato.<\/span><\/p>\n<p class=\"p1\"><span class=\"s1\"><b>Eliminazione e accesso alle informazioni personali<\/b><\/span><\/p>\n<p class=\"p1\"><span class=\"s1\">Le informazioni personali che ci ha fornito si conservano solo per il periodo sufficiente a soddisfare lo scopo iniziale della loro raccolta. Siete autorizzati in qualsiasi momento a richiedere informazioni su quali dati personali ha nel nostro database di posta elettronica, nonch\u00e9 a richiedere la modifica di tutte o alcune informazioni personali (Diritto alla correzione) o di eliminarle (Diritto di cancellazione). Ci\u00f2 sar\u00e0 possibile contattando <span class=\"s7\"><span id=\"cloak93ea9e3d25a7f66ac7f0b1d3124ad0b0\"><a href=\"mailto:kamenantenal@antenal.hr\"><span class=\"s3\">kamenantenal@antenal.hr<\/span><\/a><\/span><\/span> <span id=\"cloak5950b4c879c726320d75c8f1a1b5eae3\"><\/span>e inviando una notifica con la sua richiesta. Se pubblichi una di queste richieste, faremo ogni adeguato controllo per confermare la sua identit\u00e0 e impedire l&#8217;accesso non autorizzato alle sue informazioni personali.<\/span><\/p>\n<p class=\"p1\"><span class=\"s1\"><b>Fornire dati personali ad altri destinatari<\/b><\/span><\/p>\n<p class=\"p1\"><span class=\"s1\">Non forniamo le informazioni personali ad altri destinatari. Tuttavia, sul sito web di antenal.hr trover\u00e0 collegamenti ad altri siti web. L&#8217;informativa sulla privacy su questi portali potrebbe essere diversa dall&#8217;Informativa sulla privacy di antenal.hr. Sul nostro sito possiamo anche offrirti l&#8217;uso dei social network Antenal d.o.o. (Facebook, Instagram, Linkedin, Google) e altri servizi di Google Maps, YouTube che consentono la condivisione dei dati personali.<\/span><\/p>\n<p class=\"p1\"><span class=\"s1\"><b>Statistiche del server e Google Analytics<\/b><\/span><\/p>\n<p class=\"p1\"><span class=\"s1\">Tutti i siti Web controllati da Antenal d.o.o., incluso questo sito, possono utilizzare Google Analytics &#8211; un servizio di analisi Internet fornito da Google Inc. (di seguito denominato Google). Google Analytics utilizza &#8220;cookie&#8221; &#8211; piccoli file di testo che vengono automaticamente posizionati sul disco rigido di un utente &#8211; allo scopo di analizzare le abitudini dell&#8217;utente. I dati raccolti tramite &#8220;cookie&#8221; sull&#8217;utilizzo del Sito (incluso l&#8217;indirizzo IP dell&#8217;utente) sono trasmessi e archiviati da Google ai server situati negli Stati Uniti. Google utilizzer\u00e0 i dati raccolti per valutare l&#8217;utilizzo del Sito, generare rapporti sulle attivit\u00e0 del sito per le esigenze degli operatori di siti Internet e fornire altri servizi relativi all&#8217;uso del Sito e, in generale, l&#8217;uso di Internet. Google pu\u00f2 anche trasferire queste informazioni a terzi quando sono legalmente prescritte o quando le terze parti interessate trattano dati per conto di Google. Google non collegher\u00e0 l&#8217;indirizzo IP dell&#8217;utente a nessun altro dato raccolto da Google. \u00c8 possibile opporsi all&#8217;uso dei &#8220;cookie&#8221; scegliendo le impostazioni appropriate sul proprio browser, quindi sii consapevole che ci\u00f2 potrebbe influire sulla piena funzionalit\u00e0 del Sito. Utilizzando il Sito, accetti di elaborare le tue informazioni personali da Google secondo le modalit\u00e0 sopra menzionate. Pertanto, si prega di familiarizzare con l&#8217;Informativa sulla privacy applicabile ad altri siti Web e social network.<\/span><\/p>\n<p class=\"p1\"><span class=\"s1\"><b>Misure protettive<\/b><\/span><\/p>\n<p class=\"p1\"><span class=\"s1\">Antenal d.o.o. utilizza misure tecnologiche e di sicurezza, regole e altre procedure per proteggere le informazioni personali di questo sito da accessi non autorizzati, uso improprio, rilevamento, perdita o distruzione. Al fine di proteggere la privacy degli utenti del sito, Antenal d.o.o. utilizza misure di sicurezza standard del settore, come protezione firewall e password. Tuttavia, l&#8217;utente \u00e8 anche tenuto a garantire che il computer sia utilizzato in modo sicuro e protetto da software dannoso come trojan, virus informatici e worm. L&#8217;Utente \u00e8 consapevole che senza adeguate misure di sicurezza (come la configurazione sicura del browser Internet, programmi antivirus aggiornati, programmi firewall personali, programmi inutilizzati da fonti sospette) c&#8217;\u00e8 il rischio che i dati e le password utilizzati per impedire l&#8217;accesso alle informazioni personali possano essere rilevati da terze parti non autorizzate persone.<\/span><\/p>\n<p class=\"p1\"><span class=\"s1\"><b>Protezione dei minori<\/b><\/span><\/p>\n<p class=\"p1\"><span class=\"s1\">Questo sito \u00e8 destinato agli adulti. Antenal d.o.o. non raccoglie informazioni personali sui minori (definite come persone di et\u00e0 inferiore ai 18 anni) senza il previo, verificabile consenso del suo legale rappresentante. Il legale rappresentante d&#8217;appello ha il diritto, su sua richiesta, di rivedere le informazioni fornite dal minore e \/ o richiedere la cancellazione di tali informazioni.<\/span><\/p>\n<p class=\"p1\"><span class=\"s1\"><b>Limitazione di responsabilit\u00e0<\/b><\/span><\/p>\n<p class=\"p1\"><span class=\"s1\">Pur mettendo a disposizione misure tecniche, organizzative e personali per impedire la divulgazione non autorizzata dei dati personali dell&#8217;utente, non possiamo garantire che alcune delle informazioni personali che raccogliamo non saranno mai divulgate accidentalmente, contrariamente a quanto previsto dalla presente Informativa sulla privacy. Nella misura massima consentita dalla legge, escludiamo responsabilit\u00e0 per danni causati a utenti o terze persone rivelando accidentalmente informazioni personali.<\/span><\/p>\n<p class=\"p1\"><span class=\"s1\"><b>Statistiche del server<\/b><\/span><\/p>\n<p class=\"p1\"><span class=\"s1\">Questo sito web utilizza Google Analytics per misurare le statistiche dei visitatori.<\/span><\/p>\n<p class=\"p1\"><span class=\"s1\"><b>Responsabile della protezione dei dati personali<\/b><\/span><\/p>\n<p class=\"p1\"><span class=\"s1\">Antenal d.o.o.<\/span><\/p>\n<p class=\"p3\"><span class=\"s2\"><b>Antenal 9A<br \/><\/b><\/span><span class=\"s1\">52466 NOVIGRAD<br \/>OIB: 11979216514<br \/>\u00a0+385 (0)52 758 300<br \/>\u00a0+385 (0)52 758 299<br \/><\/span><span class=\"s1\">E.mail: <span class=\"s7\"><span id=\"cloak93ea9e3d25a7f66ac7f0b1d3124ad0b0\"><a href=\"mailto:kamenantenal@antenal.hr\"><span class=\"s3\">kamenantenal@antenal.hr<\/span><\/a><\/span><\/span><\/span><\/p>\n<p class=\"p1\"><span class=\"s1\">Utilizzando il sito antenal.hr l&#8217;utente d\u00e0 il consenso al trattamento dei dati personali secondo le modalit\u00e0 sopra indicate.<\/span><\/p>\n<p class=\"p1\">\u00a0<\/p>\n<\/div><\/div><\/div><div class=\"fusion-layout-column fusion_builder_column fusion-builder-column-2 fusion_builder_column_1_6 1_6 fusion-flex-column\" style=\"--awb-bg-size:cover;--awb-width-large:16.666666666667%;--awb-spacing-right-large:11.52%;--awb-margin-bottom-large:0px;--awb-spacing-left-large:11.52%;--awb-width-medium:16.666666666667%;--awb-spacing-right-medium:11.52%;--awb-spacing-left-medium:11.52%;--awb-width-small:100%;--awb-spacing-right-small:1.92%;--awb-spacing-left-small:1.92%;\"><div class=\"fusion-column-wrapper fusion-flex-justify-content-flex-start fusion-content-layout-column\"><\/div><\/div><\/div><\/div>\n","protected":false},"excerpt":{"rendered":"","protected":false},"author":1,"featured_media":0,"parent":0,"menu_order":0,"comment_status":"closed","ping_status":"open","template":"","meta":{"_acf_changed":false,"footnotes":""},"class_list":["post-2975","page","type-page","status-publish","hentry"],"acf":[],"_links":{"self":[{"href":"https:\/\/antenal.hr\/it\/wp-json\/wp\/v2\/pages\/2975","targetHints":{"allow":["GET"]}}],"collection":[{"href":"https:\/\/antenal.hr\/it\/wp-json\/wp\/v2\/pages"}],"about":[{"href":"https:\/\/antenal.hr\/it\/wp-json\/wp\/v2\/types\/page"}],"author":[{"embeddable":true,"href":"https:\/\/antenal.hr\/it\/wp-json\/wp\/v2\/users\/1"}],"replies":[{"embeddable":true,"href":"https:\/\/antenal.hr\/it\/wp-json\/wp\/v2\/comments?post=2975"}],"version-history":[{"count":2,"href":"https:\/\/antenal.hr\/it\/wp-json\/wp\/v2\/pages\/2975\/revisions"}],"predecessor-version":[{"id":2977,"href":"https:\/\/antenal.hr\/it\/wp-json\/wp\/v2\/pages\/2975\/revisions\/2977"}],"wp:attachment":[{"href":"https:\/\/antenal.hr\/it\/wp-json\/wp\/v2\/media?parent=2975"}],"curies":[{"name":"wp","href":"https:\/\/api.w.org\/{rel}","templated":true}]}}